{"id":53,"date":"2020-05-18T15:13:39","date_gmt":"2020-05-18T15:13:39","guid":{"rendered":"https:\/\/maps.wow.gl\/dk\/?page_id=53"},"modified":"2020-08-12T19:42:11","modified_gmt":"2020-08-12T19:42:11","slug":"forhandlere","status":"publish","type":"page","link":"https:\/\/maps.wow.gl\/dk\/overview\/forhandlere\/","title":{"rendered":"Forhandlere"},"content":{"rendered":"\n<h3 class=\"has-vivid-cyan-blue-color has-text-color wp-block-heading\">FORHANDLERE I GR\u00d8NLAND<\/h3>\n\n\n\n<p>Kopier af Nuup Kangerlua-serien af \u200b\u200bkort kan bestilles direkte fra udgiveren ved at f\u00f8lge dette <a href=\"https:\/\/maps.wow.gl\/shop\/index.php?lang=dk&amp;set_language=dk-DK\" target=\"_blank\" rel=\"noreferrer noopener\">link<\/a>.<\/p>\n\n\n\n<figure class=\"wp-block-image size-large\"><img loading=\"lazy\" decoding=\"async\" width=\"1024\" height=\"585\" src=\"https:\/\/maps.wow.gl\/dk\/wp-content\/uploads\/2020\/05\/1-Nuuk_Pouch_1346x769_7x4_RGB_IMG_20150418_123429-1024x585.jpg\" alt=\"\" class=\"wp-image-6\" srcset=\"https:\/\/maps.wow.gl\/dk\/wp-content\/uploads\/2020\/05\/1-Nuuk_Pouch_1346x769_7x4_RGB_IMG_20150418_123429-1024x585.jpg 1024w, https:\/\/maps.wow.gl\/dk\/wp-content\/uploads\/2020\/05\/1-Nuuk_Pouch_1346x769_7x4_RGB_IMG_20150418_123429-300x171.jpg 300w, https:\/\/maps.wow.gl\/dk\/wp-content\/uploads\/2020\/05\/1-Nuuk_Pouch_1346x769_7x4_RGB_IMG_20150418_123429-768x439.jpg 768w, https:\/\/maps.wow.gl\/dk\/wp-content\/uploads\/2020\/05\/1-Nuuk_Pouch_1346x769_7x4_RGB_IMG_20150418_123429-830x474.jpg 830w, https:\/\/maps.wow.gl\/dk\/wp-content\/uploads\/2020\/05\/1-Nuuk_Pouch_1346x769_7x4_RGB_IMG_20150418_123429-230x131.jpg 230w, https:\/\/maps.wow.gl\/dk\/wp-content\/uploads\/2020\/05\/1-Nuuk_Pouch_1346x769_7x4_RGB_IMG_20150418_123429.jpg 1346w\" sizes=\"auto, (max-width: 1024px) 100vw, 1024px\" \/><\/figure>\n\n\n\n<p>Kopier kan ogs\u00e5 findes til salg hos f\u00f8lgende kvalitetslager:<\/p>\n\n\n\n<div class=\"wp-block-columns is-layout-flex wp-container-core-columns-is-layout-9d6595d7 wp-block-columns-is-layout-flex\">\n<div class=\"wp-block-column is-layout-flow wp-block-column-is-layout-flow\">\n<p><strong>Atuagkat Boghandel,<\/strong><br>Aqqusinersuaq 4,<br>Nuuk 3900<br>Tlf: +299 32 17 37<br>Web: <a rel=\"noreferrer noopener\" href=\"http:\/\/www.atuagkat.com\/\" target=\"_blank\">www.atuagkat.com<\/a><\/p>\n<\/div>\n\n\n\n<div class=\"wp-block-column is-layout-flow wp-block-column-is-layout-flow\">\n<p><strong>Greenland National Museum and Archives,<\/strong><br>Hans Egedesvej 8,<br>Nuuk 3900<br>Tlf: +299 32 26 11<br>Web: <a rel=\"noreferrer noopener\" href=\"http:\/\/www.nka.gl\" target=\"_blank\">www.nka.gl<\/a><\/p>\n<\/div>\n<\/div>\n\n\n\n<div class=\"wp-block-columns is-layout-flex wp-container-core-columns-is-layout-9d6595d7 wp-block-columns-is-layout-flex\">\n<div class=\"wp-block-column is-layout-flow wp-block-column-is-layout-flow\">\n<p><strong>Gr\u00f8nlands Kontorforsyning,<\/strong><br>Imaneq 24,<br>Nuuk 3900<br>Tlf: +299 32 18 30<\/p>\n<\/div>\n\n\n\n<div class=\"wp-block-column is-layout-flow wp-block-column-is-layout-flow\">\n<p><strong><strong>Nuuk Water Taxi A\/S,<\/strong><br><\/strong>Hans Egedesvej 29,<br>Nuuk 3900<br>Tlf: +299 54 56 90<br>Web: <a href=\"http:\/\/www.watertaxi.gl\" target=\"_blank\" rel=\"noreferrer noopener\">www.watertaxi.gl<\/a><\/p>\n<\/div>\n<\/div>\n\n\n\n<div class=\"wp-block-columns is-layout-flex wp-container-core-columns-is-layout-9d6595d7 wp-block-columns-is-layout-flex\">\n<div class=\"wp-block-column is-layout-flow wp-block-column-is-layout-flow\">\n<p><strong><strong><strong>Orsiivik ApS,<\/strong><br><\/strong><\/strong>Qeqertanut,<br>Nuuk 3905<br>Tlf: +299 32 83 93<br>Web: <a rel=\"noreferrer noopener\" href=\"http:\/\/www.orsiivik.gl\" target=\"_blank\">www.orsiivik.gl<\/a><\/p>\n<\/div>\n\n\n\n<div class=\"wp-block-column is-layout-flow wp-block-column-is-layout-flow\">\n<p><strong>Pikkori Sport,<\/strong><br>Aqqusinersuaq 4,<br>Nuuk 3900<br>Tlf: +299 32 18 88<br>Web: <a rel=\"noreferrer noopener\" href=\"http:\/\/www.pikkori.gl\" target=\"_blank\">www.pikkori.gl<\/a><\/p>\n<\/div>\n<\/div>\n\n\n\n<div class=\"wp-block-columns is-layout-flex wp-container-core-columns-is-layout-9d6595d7 wp-block-columns-is-layout-flex\">\n<div class=\"wp-block-column is-layout-flow wp-block-column-is-layout-flow\">\n<p><strong>Pilersuisoq,<\/strong><br>Kapisillit 3900<br>Tlf: +299 86 83 47<\/p>\n\n\n\n<p><\/p>\n<\/div>\n\n\n\n<div class=\"wp-block-column is-layout-flow wp-block-column-is-layout-flow\">\n<p><strong>Tupilak Travel,<\/strong><br>Imaneq 18,<br>Nuuk 3900<br>Tlf: +299 31 32 18<br>Web: <a rel=\"noreferrer noopener\" href=\"http:\/\/www.tupilaktravel.com\" target=\"_blank\">www.tupilaktravel.com<\/a><\/p>\n<\/div>\n<\/div>\n\n\n\n<p><\/p>\n","protected":false},"excerpt":{"rendered":"<p>FORHANDLERE I GR\u00d8NLAND Kopier af Nuup Kangerlua-serien af \u200b\u200bkort kan bestilles direkte fra udgiveren ved at f\u00f8lge dette link. Kopier kan ogs\u00e5 findes til salg hos f\u00f8lgende kvalitetslager: Atuagkat Boghandel,Aqqusinersuaq 4,Nuuk 3900Tlf: +299 32 17 37Web: www.atuagkat.com Greenland National Museum and Archives,Hans Egedesvej 8,Nuuk 3900Tlf: +299 32 26 11Web: www.nka.gl Gr\u00f8nlands Kontorforsyning,Imaneq 24,Nuuk 3900Tlf: +299 &#8230;.&nbsp;&nbsp;<a class=\" default\" href=\"https:\/\/maps.wow.gl\/dk\/overview\/forhandlere\/\">Read More<\/a><\/p>\n","protected":false},"author":1,"featured_media":0,"parent":50,"menu_order":0,"comment_status":"closed","ping_status":"closed","template":"","meta":{"pagelayer_contact_templates":[],"_pagelayer_content":"","footnotes":""},"class_list":["post-53","page","type-page","status-publish","hentry"],"_links":{"self":[{"href":"https:\/\/maps.wow.gl\/dk\/wp-json\/wp\/v2\/pages\/53","targetHints":{"allow":["GET"]}}],"collection":[{"href":"https:\/\/maps.wow.gl\/dk\/wp-json\/wp\/v2\/pages"}],"about":[{"href":"https:\/\/maps.wow.gl\/dk\/wp-json\/wp\/v2\/types\/page"}],"author":[{"embeddable":true,"href":"https:\/\/maps.wow.gl\/dk\/wp-json\/wp\/v2\/users\/1"}],"replies":[{"embeddable":true,"href":"https:\/\/maps.wow.gl\/dk\/wp-json\/wp\/v2\/comments?post=53"}],"version-history":[{"count":15,"href":"https:\/\/maps.wow.gl\/dk\/wp-json\/wp\/v2\/pages\/53\/revisions"}],"predecessor-version":[{"id":317,"href":"https:\/\/maps.wow.gl\/dk\/wp-json\/wp\/v2\/pages\/53\/revisions\/317"}],"up":[{"embeddable":true,"href":"https:\/\/maps.wow.gl\/dk\/wp-json\/wp\/v2\/pages\/50"}],"wp:attachment":[{"href":"https:\/\/maps.wow.gl\/dk\/wp-json\/wp\/v2\/media?parent=53"}],"curies":[{"name":"wp","href":"https:\/\/api.w.org\/{rel}","templated":true}]}}