{"id":52,"date":"2020-05-18T15:13:39","date_gmt":"2020-05-18T15:13:39","guid":{"rendered":"https:\/\/maps.wow.gl\/dk\/?page_id=52"},"modified":"2021-01-06T14:58:51","modified_gmt":"2021-01-06T14:58:51","slug":"navigation","status":"publish","type":"page","link":"https:\/\/maps.wow.gl\/dk\/overview\/navigation\/","title":{"rendered":"Navigation"},"content":{"rendered":"\n<p>Vi p\u00e5 maps.wow.gl leverer en community-service til at dele spor. Find det <a href=\"https:\/\/maps.wow.gl\/dk\/overview\/navigation\/faellesskab-rutedatabase\">her<\/a>,<\/p>\n\n\n\n<h3 class=\"has-vivid-cyan-blue-color has-text-color wp-block-heading\">S\u00c5DAN IDENTIFISERES POSITIONER P\u00c5 KORTET<\/h3>\n\n\n\n<figure class=\"wp-block-image size-large\"><img loading=\"lazy\" decoding=\"async\" width=\"1024\" height=\"571\" src=\"https:\/\/maps.wow.gl\/dk\/wp-content\/uploads\/2020\/05\/Overview2_2-Qooqqut_LARGE-1024x571.jpg\" alt=\"\" class=\"wp-image-30\" srcset=\"https:\/\/maps.wow.gl\/dk\/wp-content\/uploads\/2020\/05\/Overview2_2-Qooqqut_LARGE-1024x571.jpg 1024w, https:\/\/maps.wow.gl\/dk\/wp-content\/uploads\/2020\/05\/Overview2_2-Qooqqut_LARGE-300x167.jpg 300w, https:\/\/maps.wow.gl\/dk\/wp-content\/uploads\/2020\/05\/Overview2_2-Qooqqut_LARGE-768x428.jpg 768w, https:\/\/maps.wow.gl\/dk\/wp-content\/uploads\/2020\/05\/Overview2_2-Qooqqut_LARGE-830x463.jpg 830w, https:\/\/maps.wow.gl\/dk\/wp-content\/uploads\/2020\/05\/Overview2_2-Qooqqut_LARGE-230x128.jpg 230w\" sizes=\"auto, (max-width: 1024px) 100vw, 1024px\" \/><\/figure>\n\n\n\n<p>Kortet bruger to koordinatsystemer, breddegrad og l\u00e6ngdegrad og den internationale standard metriske UTM-system. Begge er baseret p\u00e5 WGS-84-modellen til jordens form. Enhver placering p\u00e5 kortet kan beskrives ved hj\u00e6lp af begge systemer. Breddegrad \/ l\u00e6ngdegradssystemet er p\u00e5 linje med \u00e6gte nord og bruges ofte af sejlere og piloter. UTM-systemet er p\u00e5 linje med gitter nord, som afviger med mindre end en grad fra sand nord p\u00e5 kortene og er mere almindeligt brugt af vandrere. Fordelen ved UTM-systemet er, at koordinater udtrykkes i meter, og det er derfor meget let at finde frem til afstandene mellem placeringer, meget mere end med breddegrad \/ l\u00e6ngdegradssystemet.<\/p>\n\n\n\n<p>N\u00e5r du bruger kortet, anbefales det st\u00e6rkt at bruge UTM-systemet til placeringer p\u00e5 grund af dets h\u00f8je n\u00f8jagtighed. Kortbrugere kan dog ogs\u00e5 \u00f8nske at ogs\u00e5 bruge breddegrad \/ l\u00e6ngdegradssystemet, for eksempel n\u00e5r de kommunikerer med nodcentraler.<\/p>\n\n\n\n<h4 class=\"has-vivid-cyan-blue-color has-text-color wp-block-heading\">Breddegrad \/ l\u00e6ngdegradssystem<\/h4>\n\n\n\n<p>Breddegrad og l\u00e6ngdegrad vises p\u00e5 hvert kort ved en r\u00e6kke sorte kryds. I Gr\u00f8nland stiger breddegrader i en nordlig retning mod toppen af \u200b\u200bkortet, og breddegrader \u00f8ges i vestlig retning mod venstre side af kortet. Kryds vises med intervaller p\u00e5 fire minutters breddegrad og to minutters breddegrad. Der er tres minutter inden for hver grad. Protokoller udtrykkes normalt som decimaler. Eksempler p\u00e5 placeringer angivet i l\u00e6ngdegrad og breddegrad for hvert kort er som f\u00f8lger:<\/p>\n\n\n\n<ul class=\"wp-block-list\"><li>Kort 1 &#8211; Nuuk. Topm\u00f8det i Store Malene er placeret i l\u00e6ngdegrad 51\u00b038.5&#8217;W og breddegrad 64\u00b009.9&#8217;N<\/li><li>Kort 2 &#8211; Qooqqut. Topm\u00f8det i Itisoq er placeret i l\u00e6ngdegrad 51\u00b012.1&#8217;W og breddegrad 64\u00b016.2&#8217;N<\/li><li>Kort 3 &#8211; Ameralla. Topm\u00f8det i Aqajamernit Qulaat er placeret i l\u00e6ngdegrad 50\u00b037.1&#8217;W og breddegrad 64\u00b017.4&#8217;N<\/li><li>Kort 4 &#8211; Akiata Kangia. Topm\u00f8det i Qaarusuup Qaqqaa er placeret i l\u00e6ngdegrad 51\u00b022.2&#8217;W og breddegrad 64\u00b023.5&#8217;N<\/li><li>Kort 5 &#8211; Qoornoq. Topm\u00f8det i Kangersuaq er placeret i l\u00e6ngdegrad 50\u00b053.1&#8217;W og breddegrad 64\u00b035.0&#8217;N<\/li><li>Kort 6 &#8211; Kapisillit. Topm\u00f8det i Kiinaasaq er placeret i l\u00e6ngdegrad 50\u00b030.9&#8217;W og breddegrad 64\u00b027.2&#8217;N<\/li><\/ul>\n\n\n\n<p> <\/p>\n\n\n\n<p><\/p>\n\n\n\n<h4 class=\"has-vivid-cyan-blue-color has-text-color wp-block-heading\">UTM-system<\/h4>\n\n\n\n<p>I UTM-systemet er Jorden opdelt i zoner i den nordlige og sydlige halvkugle. Det meste af vestgr\u00f8nland er repr\u00e6senteret ved UTM 22 Nord (eller UTM22N) underafdeling, og alle kortene falder inden for denne zone. Et gitter af m\u00f8rkegr\u00e5 linjer med en afstand p\u00e5 kilometer, der f\u00f8lger UTM22N-gitteret, d\u00e6kker hvert kort. Koordinater, der er vist \u00f8verst og nederst p\u00e5 kortet, er \u00f8st for, og, som navnet antyder, stiger mod \u00f8st. Koordinater vist p\u00e5 venstre og h\u00f8jre side af kortet er nordlig og \u00f8ges ligeledes mod nord. N\u00e5r man giver en koordinat for en position i UTM, citeres altid \u00f8stlig f\u00f8rst, og det er let at se forskellen mellem \u00f8stlig og nordlig i Gr\u00f8nland, fordi nordlige altid har syv cifre og \u00f8stlig altid har seks. For at g\u00f8re det lettere forkortes de fleste af numrene p\u00e5 kortene p\u00e5 hele kortene til hele kilometer ved at fjerne de tre sidste nuller (der repr\u00e6senterer meter) og det f\u00f8rste ciffer for \u00f8stlig og de to f\u00f8rste cifre for nordlige. De fulde UTM-koordinater vises p\u00e5 akserne i alle fire hj\u00f8rner p\u00e5 kortet. S\u00e5 for eksempel er &#8217;45&#8217;, der vises p\u00e5 den nederste kant af et kort, en forkortelse af den \u00f8stlige 445000, og &#8217;22&#8217;, der vises p\u00e5 den venstre kant af et kort, er en forkortelse af nortlig 7122000.<\/p>\n\n\n\n<p>Eksempler p\u00e5 steder p\u00e5 kortene, som udtrykt i UTM-systemet, er som f\u00f8lger:<\/p>\n\n\n\n<ul class=\"wp-block-list\"><li>Kort 1 &#8211; Nuuk. Topm\u00f8det i Store Malene er placeret i (468 800, 7 115 400)<\/li><li>Kort 2 &#8211; Qooqqut. Topm\u00f8det i Itisoq er placeret i (490 200, 7 127 150)<\/li><li>Kort 3 &#8211; Ameralla. Topm\u00f8det i Aqajamernit Qulaat er placeret i (518 500, 7 129 400)<\/li><li>Kort 4 &#8211; Akiata Kangia. Topm\u00f8det i Qaarusuup Qaqqaa er placeret i (482 150, 7 140 700)<\/li><li>Kort 5 &#8211; Qoornoq. Topm\u00f8det i Kangersuaq er placeret i (505 500, 7 162 000)<\/li><li>Kort 6 &#8211; Kapisillit. Topm\u00f8det i Kiinaasaq er placeret i (523 350, 7 147 700)<\/li><\/ul>\n\n\n\n<figure class=\"wp-block-image size-large\"><img loading=\"lazy\" decoding=\"async\" width=\"1473\" height=\"1507\" src=\"https:\/\/maps.wow.gl\/dk\/wp-content\/uploads\/2020\/05\/Compass_rose_100mm_01-Nuuk_25pt53W.png\" alt=\"\" class=\"wp-image-140\"\/><\/figure>\n\n\n\n<h3 class=\"has-vivid-cyan-blue-color has-text-color wp-block-heading\">S\u00c5DAN IDENTIFISERES DIRECTIONS<\/h3>\n\n\n\n<h4 class=\"has-vivid-cyan-blue-color has-text-color wp-block-heading\">Orienteringer langs UTM-gitteret<\/h4>\n\n\n\n<p>Kortene er orienteret, s\u00e5 alle linjer, der er parallelle med venstre og h\u00f8jre side af kortet, er direkte p\u00e5 linje med nord-syd p\u00e5 UTM22N-ridsystemet. Afvigelsen mellem gitter nord og sand nord (orienteringerne, der bruges til breddegrad og l\u00e6ngdegrad) varierer fra sted til sted p\u00e5 hvert kort, men er altid mindre end en grad. Afvigelsen mellem gitter og \u00e6gte nord er derfor lille nok til ikke at v\u00e6re vigtig for vandrere. Gennemsnitlige afvigelser mellem gitter og sand nord for hvert kort er som f\u00f8lger.<\/p>\n\n\n\n<ul class=\"wp-block-list\"><li>Kort 1 &#8211; Nuuk. Grid nord er 0,47 grader vest for sand nord<\/li><li>Kort 2 &#8211; Qooqqut. Grid nord er 0,06 grader \u00f8st for sand nord<\/li><li>Kort 3 &#8211; Ameralla. Grid nord er 0,56 grader \u00f8st for sand nord<\/li><li>Kort 4 &#8211; Akiata Kangia. Grid nord er 0,44 grader vest for sand nord<\/li><li>Kort 5 &#8211; Qoornoq. Grid nord er 0,02 grader \u00f8st for sand nord<\/li><li>Kort 6 &#8211; Kapisillit. Grid nord er 0,55 grader \u00f8st for sand nord<\/li><\/ul>\n\n\n\n<p>Netlinierne tillader, at retninger fra et sted til et andet let beskrives i formen nord, \u00f8st syd\u00f8st, syd-vest osv. For at v\u00e6re pr\u00e6cise kan brugere af kortene dog bruge kompassrosen vist p\u00e5 hvert kort for at beskrive retninger n\u00f8jagtige til en grad.<\/p>\n\n\n\n<h4 class=\"has-vivid-cyan-blue-color has-text-color wp-block-heading\">Orienteringer i forhold til magnetisk nord<\/h4>\n\n\n\n<p>Kompassroserne viser ogs\u00e5 den gennemsnitlige retning til magnetisk nord for hvert kort. Afvigelsen mellem magnetisk og gitter nord (\u201cdeklination\u201d) varierer fra sted til sted p\u00e5 hvert kort og \u00e6ndrer sig over tid. Da variationen imidlertid er mindre end en grad inden for gr\u00e6nserne af hvert kort, er det med hensyn til vandring det rimeligt at bruge den ene kompassros til at identificere retninger i forhold til magnetisk nord hvor som helst p\u00e5 hvert kort. Forskellen mellem gitter og magnetisk nord er meget betydelig i Nuuk-omr\u00e5det. I 2020 er magnetisk nord orienteret ca. 26 grader vest for gitter nord. Hvad dette betyder, er, at hvis en retning er citeret som &#8216;magnetisk&#8217;, skal en v\u00e6rdi p\u00e5 26 tr\u00e6kkes fra den retning for at lokalisere den ved hj\u00e6lp af de underinddelinger, der er vist p\u00e5 kompassroserne. For eksempel vil en retning p\u00e5 270\u00b0 magnetisk f\u00f8lge 244\u00b0 gitter p\u00e5 kortet. Gennemsnitlige magnetiske afvigelser for hvert kort er som f\u00f8lger:<\/p>\n\n\n\n<ul class=\"wp-block-list\"><li>Kort 1 &#8211; Nuuk. Magnetisk nord er 25,53 grader vest for gitter nord<\/li><li>Kort 2 &#8211; Qooqqut. Magnetisk nord er25,9 grader vest for gitter nord<\/li><li>Kort 3 &#8211; Ameralla. Magnetisk nord er26,35 grader vest for gitter nord<\/li><li>Kort 4 &#8211; Akiata Kangia. Magnetisk nord er25,78 grader vest for gitter nord<\/li><li>Kort 5 &#8211; Qoornoq. Magnetisk nord er26,1 grader vest for gitter nord<\/li><li>Kort 6 &#8211; Kapisillit. Magnetisk nord er26,46 grader vest for gitter nord<\/li><\/ul>\n\n\n\n<p>En konventionel m\u00e5de at navigere ved hj\u00e6lp af kortet er at bruge et h\u00e5ndholdt kompas og fysisk indstille deklinationen p\u00e5 kompasset til en v\u00e6rdi, der er egnet til kortet. Lejer m\u00e5lt p\u00e5 kompasset kan overf\u00f8res direkte til kortet, korrigeres automatisk for forskellen mellem magnetisk og gitter nord.<\/p>\n\n\n\n<p>Placeringen af \u200b\u200bden magnetiske nordpol \u00e6ndrer sig over tid og i den tidlige del af det 21. \u00e5rhundrede har bev\u00e6get sig relativt hurtigt. Over de omr\u00e5der, der er d\u00e6kket af kortene, har den magnetiske nordpol i 2020 bev\u00e6get sig \u00f8stover, n\u00e6rmere retning gitter nord, med cirka 22 minutter (0,37 grader) hvert \u00e5r. Hvad dette betyder er, at korrektion mellem orienteringer i gitter eller magnetiske systemer skal tage hensyn til det \u00e5r, kortet bruges. For korrekt at indstille kompasser til at vise gitterorienteringer, ledes brugerne til internettet for at etablere den korrekte aktuelle deklination p\u00e5 et bestemt sted og tidspunkt. GPS-enheder viser normalt den aktuelle afvigelse mellem magnetisk og sand nord p\u00e5 ethvert sted p\u00e5 jorden, og disse oplysninger kan bruges til at kalibrere kompasser.<\/p>\n\n\n\n<p>N\u00e5r du citerer retninger, er det vigtigt altid at f\u00f8lge retningsnavnet (f.eks. &#8216;Vest&#8217;) eller nummer (f.eks. &#8216;270&#8217;) med ordene &#8216;gitter&#8217;, &#8216;magnetisk&#8217; for at skelne mellem de to st\u00e6rkt divergerende orienteringssystemer. P\u00e5 samme m\u00e5de skal standarderne normalt v\u00e6re et netretning, men brugere af GPS-enheder og smartphones skal passe p\u00e5 at sikre sig, at det er klart, om retninger er angivet som gitter eller magnetisk.<\/p>\n\n\n\n<p>Som angivet p\u00e5 kortene skal brugerne v\u00e6re opm\u00e6rksomme p\u00e5, at nogle klipper kan v\u00e6re st\u00e6rkt magnetiske, og at s\u00e5danne klipper er meget almindelige, is\u00e6r i den \u00f8stlige del af Nuup Kangerlua. Virkningen af \u200b\u200bklipper p\u00e5 et kompas vil \u00e6ndre sig afh\u00e6ngigt af hvor t\u00e6t kompasset er p\u00e5 en magnetisk klippe. Hvis kompasset ses at \u00e6ndre retning, n\u00e5r det er placeret t\u00e6t p\u00e5 jorden, viser det, at klipper i omr\u00e5det er magnetiske, og at der skal udvises omhu, n\u00e5r man antager, at kompasset korrekt l\u00e6ser retningen til magnetisk nord. De to, st\u00e6rkt divergerende systemer af orientering. P\u00e5 samme m\u00e5de skal standarderne normalt v\u00e6re et netretning, men brugere af GPS-enheder og smartphones skal passe p\u00e5 at sikre sig, at det er klart, om retninger er angivet som gitter eller magnetisk.<\/p>\n\n\n\n<p><\/p>\n","protected":false},"excerpt":{"rendered":"<p>Vi p\u00e5 maps.wow.gl leverer en community-service til at dele spor. Find det her, S\u00c5DAN IDENTIFISERES POSITIONER P\u00c5 KORTET Kortet bruger to koordinatsystemer, breddegrad og l\u00e6ngdegrad og den internationale standard metriske UTM-system. Begge er baseret p\u00e5 WGS-84-modellen til jordens form. Enhver placering p\u00e5 kortet kan beskrives ved hj\u00e6lp af begge systemer. Breddegrad \/ l\u00e6ngdegradssystemet er p\u00e5 &#8230;.&nbsp;&nbsp;<a class=\" default\" href=\"https:\/\/maps.wow.gl\/dk\/overview\/navigation\/\">Read More<\/a><\/p>\n","protected":false},"author":1,"featured_media":0,"parent":50,"menu_order":0,"comment_status":"closed","ping_status":"closed","template":"","meta":{"pagelayer_contact_templates":[],"_pagelayer_content":"","footnotes":""},"class_list":["post-52","page","type-page","status-publish","hentry"],"_links":{"self":[{"href":"https:\/\/maps.wow.gl\/dk\/wp-json\/wp\/v2\/pages\/52","targetHints":{"allow":["GET"]}}],"collection":[{"href":"https:\/\/maps.wow.gl\/dk\/wp-json\/wp\/v2\/pages"}],"about":[{"href":"https:\/\/maps.wow.gl\/dk\/wp-json\/wp\/v2\/types\/page"}],"author":[{"embeddable":true,"href":"https:\/\/maps.wow.gl\/dk\/wp-json\/wp\/v2\/users\/1"}],"replies":[{"embeddable":true,"href":"https:\/\/maps.wow.gl\/dk\/wp-json\/wp\/v2\/comments?post=52"}],"version-history":[{"count":17,"href":"https:\/\/maps.wow.gl\/dk\/wp-json\/wp\/v2\/pages\/52\/revisions"}],"predecessor-version":[{"id":326,"href":"https:\/\/maps.wow.gl\/dk\/wp-json\/wp\/v2\/pages\/52\/revisions\/326"}],"up":[{"embeddable":true,"href":"https:\/\/maps.wow.gl\/dk\/wp-json\/wp\/v2\/pages\/50"}],"wp:attachment":[{"href":"https:\/\/maps.wow.gl\/dk\/wp-json\/wp\/v2\/media?parent=52"}],"curies":[{"name":"wp","href":"https:\/\/api.w.org\/{rel}","templated":true}]}}