{"id":51,"date":"2020-05-18T15:13:39","date_gmt":"2020-05-18T15:13:39","guid":{"rendered":"https:\/\/maps.wow.gl\/dk\/?page_id=51"},"modified":"2020-06-23T00:09:34","modified_gmt":"2020-06-23T00:09:34","slug":"map-legend","status":"publish","type":"page","link":"https:\/\/maps.wow.gl\/dk\/overview\/map-legend\/","title":{"rendered":"Signaturer"},"content":{"rendered":"\n<div class=\"wp-block-image\"><figure class=\"aligncenter size-full\"><img loading=\"lazy\" decoding=\"async\" width=\"626\" height=\"279\" src=\"https:\/\/maps.wow.gl\/dk\/wp-content\/uploads\/2020\/05\/Legend_Template_FINAL_1-Nuuk-80.jpg\" alt=\"\" class=\"wp-image-119\" srcset=\"https:\/\/maps.wow.gl\/dk\/wp-content\/uploads\/2020\/05\/Legend_Template_FINAL_1-Nuuk-80.jpg 626w, https:\/\/maps.wow.gl\/dk\/wp-content\/uploads\/2020\/05\/Legend_Template_FINAL_1-Nuuk-80-300x134.jpg 300w, https:\/\/maps.wow.gl\/dk\/wp-content\/uploads\/2020\/05\/Legend_Template_FINAL_1-Nuuk-80-230x103.jpg 230w\" sizes=\"auto, (max-width: 626px) 100vw, 626px\" \/><\/figure><\/div>\n\n\n\n<p>En signaturer til de viste funktioner vises p\u00e5 hvert kort. F\u00f8lgende giver imidlertid en mere detaljeret forklaring af kilderne og betydningen af \u200b\u200bde forskellige kommentarer.<\/p>\n\n\n\n<h3 class=\"has-vivid-cyan-blue-color has-text-color wp-block-heading\">NATURLIGE EGENSKABER<\/h3>\n\n\n\n<p>Omr\u00e5der i land diskrimineres fra havet ved en lysebrun skygge og tilstedev\u00e6relsen af \u200b\u200bbrune konturer, der viser linjer med lige h\u00f8jde over havets overflade. Konturer afm\u00e6rkes i intervaller p\u00e5 10 meter. Floder og s\u00f8er er optegnet i middel bl\u00e5. Havet er skraveret i en lysebl\u00e5 og med konturer vist med intervaller p\u00e5 50 meters vanddybde.<\/p>\n\n\n\n<p>Der er en hule, Qangattannguaq, der vises p\u00e5 Ameralla-kortarket.<\/p>\n\n\n\n<h4 class=\"has-vivid-cyan-blue-color has-text-color wp-block-heading\">Havkurver<\/h4>\n\n\n\n<figure class=\"wp-block-image size-large\"><img loading=\"lazy\" decoding=\"async\" width=\"85\" height=\"43\" src=\"https:\/\/maps.wow.gl\/dk\/wp-content\/uploads\/2020\/05\/Sea_Contours@2x.png\" alt=\"\" class=\"wp-image-241\"\/><\/figure>\n\n\n\n<p>Vandkurver stammer fra 2020 version 4.0 af International Bathymetric Chart of the Arctic Ocean (IBCAO) 200 meter net og b\u00f8r ikke bruges til marin navigering eller andet form\u00e5l, der involverer sikkerhed til s\u00f8s. Blandt havets kurver med intervaller p\u00e5 50 meters vanddybde vises hver hundrede meters kontur i en tungere farve.<\/p>\n\n\n\n<h4 class=\"has-vivid-cyan-blue-color has-text-color wp-block-heading\">Landkurver<\/h4>\n\n\n\n<h4 class=\"wp-block-heading\"><img decoding=\"async\" src=\"https:\/\/maps.wow.gl\/dk\/wp-content\/uploads\/2020\/05\/Land_Contours@2x.png\" alt=\"\"> <img decoding=\"async\" src=\"https:\/\/maps.wow.gl\/dk\/wp-content\/uploads\/2020\/05\/Land_Uncertain@2x.png\" alt=\"\"><\/h4>\n\n\n\n<p>Landkurver vises med intervaller p\u00e5 10 meter og med hver hundrede meter vist i en tungere farve for at muligg\u00f8re hurtig identificering af terr\u00e6nh\u00f8jde. De blev genereret ved at behandle DigitalGlobe Inc. 2-meters opl\u00f8sning fra 2019 satellitdata som stammer fra WorldView-klyngen af \u200b\u200bsatellitter. Fliser blev syet og udj\u00e6vnet af Asiaq Greenland Survey. Et lille antal omr\u00e5der havde huller i dataene p\u00e5 grund af atmosf\u00e6riske effekter eller skygger genereret af meget stejlt terr\u00e6n, ellers genererede beregningsm\u00e6ssige artefakter, der gav anledning til urealistisk terr\u00e6n. Korrektioner blev foretaget for at modellere konturer i disse omr\u00e5der ved hj\u00e6lp af data fra andre strimler af satellitdata, satellitbilleder og tidligere offentliggjorte kort. I fjorten tilf\u00e6lde i hele serien med seks kort blev usikkerheden omkring de h\u00e5ndtegnede konturer stadig betragtet som h\u00f8j. Disse omr\u00e5der er tydeligt identificeret p\u00e5 kortene med r\u00f8de striber. I alt udg\u00f8r de kun 2 km2 over hele 5670 km2 omfattet af kortserien. Brugere af kortene skal v\u00e6re ekstra omhyggelige i disse sm\u00e5 omr\u00e5der. Ud over omr\u00e5der med d\u00e5rlig konturbegr\u00e6nsning viser kortene syvogtyve omr\u00e5der med moderat begr\u00e6nsning over 7,6 km2 og vist p\u00e5 kortene med en gul skygge. Dette er omr\u00e5der, hvor nogle korrektioner er foretaget og betragtes som p\u00e5lidelige, men ikke har den samme ekstremt h\u00f8je n\u00f8jagtighed som andre dele af kortene.<\/p>\n\n\n\n<h4 class=\"has-vivid-cyan-blue-color has-text-color wp-block-heading\">H\u00f8jde<\/h4>\n\n\n\n<figure class=\"wp-block-image size-large\"><img loading=\"lazy\" decoding=\"async\" width=\"78\" height=\"43\" src=\"https:\/\/maps.wow.gl\/dk\/wp-content\/uploads\/2020\/05\/Spot_Heights@2x.png\" alt=\"\" class=\"wp-image-235\"\/><\/figure>\n\n\n\n<p>Punkth\u00f8jder for fremtr\u00e6dende toppe eller bjergpas er inkluderet p\u00e5 alle kort. Hvor tidligere offentliggjorte h\u00f8jder fra officielle kort falder sammen med h\u00f8jderne fra satellitdata, bevares de oprindelige unders\u00f8gte h\u00f8jder. Imidlertid har nogle \u00e6ldre unders\u00f8gte h\u00f8jder vist sig at v\u00e6re uforenelige med de mere pr\u00e6cise, moderne satellitdata, sommetider i st\u00f8rrelsesordenen 100 meter. I s\u00e5danne tilf\u00e6lde er \u00e6ldre data udeladt, og i stedet er nye spoth\u00f8jder, n\u00f8jagtige til 5 meter, inkluderet p\u00e5 kortene. Det har vist sig, at Aappalaartoq p\u00e5 Qeqertarsuaq (Qoornoq-kort) er 190 meter lavere end tidligere offentliggjort, og en navngivet 1126-meters h\u00f8jde lige nord\u00f8st har mistet 140 meter i forhold til tidligere m\u00e5linger. En 1325 meter h\u00f8jde nord\u00f8st for Tuapassuit (Qooqqut Map) har mistet 155 meter over tidligere publikationer, hvorimod toppen af \u200b\u200b1305 meter p\u00e5 ryggen \u00f8st for Qooqqut og opstr\u00f8ms for Kuuersariaq har vundet 115 meter over tidligere unders\u00f8gelser. Alle andre spoth\u00f8jder adskiller sig fra tidligere offentligg\u00f8relse med mindre end 100 meter.<\/p>\n\n\n\n<h4 class=\"has-vivid-cyan-blue-color has-text-color wp-block-heading\">Stedsnavne<\/h4>\n\n\n\n<h4 class=\"wp-block-heading\"><img decoding=\"async\" src=\"https:\/\/maps.wow.gl\/dk\/wp-content\/uploads\/2020\/05\/Land_Names@2x.png\" alt=\"\"> <img decoding=\"async\" src=\"https:\/\/maps.wow.gl\/dk\/wp-content\/uploads\/2020\/05\/Other_Name@2x.png\" alt=\"\"> <img decoding=\"async\" src=\"https:\/\/maps.wow.gl\/dk\/wp-content\/uploads\/2020\/05\/Sea_Names@2x.png\" alt=\"\"><\/h4>\n\n\n\n<p>Alle officielle stedsnavne blev leveret af den gr\u00f8nlandske navngivningsmyndighed, Oqaasileriffik. Disse vises p\u00e5 de steder, der er p\u00e5budt af Oqaasileriffik med undtagelse af et par \u00e6ndringer for at undg\u00e5 overlappende navne eller andre kommentarer. Alle gr\u00f8nlandske stednavne f\u00f8lger de moderne gr\u00f8nlandske stavekonventioner. Hvor danske navne ofte bruges til nogle steder, vises disse umiddelbart ved siden af \u200b\u200bderes gr\u00f8nlandske \u00e6kvivalenter. Bjergtoppe og andre bjergrige tr\u00e6k s\u00e5som klipper, kl\u00f8fter og sk\u00e6lfelter identificeres med sorte navne. Et lille antal almindeligt anvendte uofficielle navne vises p\u00e5 nogle af kortene med sort kursiv. Historiske steder er m\u00e6rket med deres rapporterede officielle navne arkiveret af Oqaasileriffik ogs\u00e5 i sort. S\u00e5danne steder kan v\u00e6re bygningsruiner eller fundamenter, gravsteder, madlavningssteder, teltpladser, middens eller jagtsteder, og kan have v\u00e6ret brugt af inuiter eller vikingeboliger. Andre landfunktioner s\u00e5som halv\u00f8er, kystlinjer, \u00f8er og landomr\u00e5der er m\u00e6rket med gr\u00e5t.<\/p>\n\n\n\n<figure class=\"wp-block-image size-large\"><img loading=\"lazy\" decoding=\"async\" width=\"1024\" height=\"571\" src=\"https:\/\/maps.wow.gl\/dk\/wp-content\/uploads\/2020\/05\/Overview1_1-Nuuk_LARGE-1024x571.jpg\" alt=\"\" class=\"wp-image-23\" srcset=\"https:\/\/maps.wow.gl\/dk\/wp-content\/uploads\/2020\/05\/Overview1_1-Nuuk_LARGE-1024x571.jpg 1024w, https:\/\/maps.wow.gl\/dk\/wp-content\/uploads\/2020\/05\/Overview1_1-Nuuk_LARGE-300x167.jpg 300w, https:\/\/maps.wow.gl\/dk\/wp-content\/uploads\/2020\/05\/Overview1_1-Nuuk_LARGE-768x428.jpg 768w, https:\/\/maps.wow.gl\/dk\/wp-content\/uploads\/2020\/05\/Overview1_1-Nuuk_LARGE-830x463.jpg 830w, https:\/\/maps.wow.gl\/dk\/wp-content\/uploads\/2020\/05\/Overview1_1-Nuuk_LARGE-230x128.jpg 230w\" sizes=\"auto, (max-width: 1024px) 100vw, 1024px\" \/><\/figure>\n\n\n\n<h3 class=\"has-vivid-cyan-blue-color has-text-color wp-block-heading\">INFRASTRUKTUR<\/h3>\n\n\n\n<h3 class=\"wp-block-heading\"><img decoding=\"async\" src=\"https:\/\/maps.wow.gl\/dk\/wp-content\/uploads\/2020\/05\/Built-up_Area@2x.png\" alt=\"\"> <img decoding=\"async\" src=\"https:\/\/maps.wow.gl\/dk\/wp-content\/uploads\/2020\/05\/Roads@2x.png\" alt=\"\"><\/h3>\n\n\n\n<p>Bortset fra de ni offentlige hytter i Sermersooq Kommune, vises den eneste indbyggede infrastruktur inden for rammerne af byen Nuuk og bos\u00e6ttelsen Kapisillit. Disse bygninger, veje og havstr\u00e6kninger stammer fra Asiaq Greenland Surveys Grundkort (dato januar 2020). Omfanget af den forladte bos\u00e6ttelse Qoornoq og sommerbos\u00e6ttelsen Qooqqut vises med stiplet gr\u00e5 skygge p\u00e5 deres respektive kort.<\/p>\n\n\n\n<h4 class=\"has-vivid-cyan-blue-color has-text-color wp-block-heading\">Hytter<\/h4>\n\n\n\n<figure class=\"wp-block-image size-large\"><img loading=\"lazy\" decoding=\"async\" width=\"73\" height=\"38\" src=\"https:\/\/maps.wow.gl\/dk\/wp-content\/uploads\/2020\/05\/Huts@2x.png\" alt=\"\" class=\"wp-image-233\"\/><\/figure>\n\n\n\n<p>B\u00e5de Ameralik og Nuup Kangerlua er v\u00e6rt for hundredvis af huse, hytter og andre strukturer. Nogle bliver forladt, mens andre bruges af private eller kan v\u00e6re offentligt. Placeringen af \u200b\u200bdisse strukturer \u00e6ndres med tiden, n\u00e5r nye strukturer bygges eller falder i forfalskning. Derfor er private bygninger kun vist inden for gr\u00e6nserne for de nuv\u00e6rende bebyggelser Nuuk og Kapisillit. Undtagelsen er de ni offentlige hytter, der blev bygget af Sermersooq Kommune og er frit tilg\u00e6ngelige til brug af offentligheden uden forudg\u00e5ende aftale. Disse er vist p\u00e5 kortene 1-Nuuk, 2-Qooqqut, 3-Ameralla og 6-Kapisillit og str\u00e6kker sig over den ofte anvendte vandrerute mellem Nuuk og Kapisillit. Disse hytter er navngivet og identificeret p\u00e5 kortene med r\u00f8de trekanter.<\/p>\n\n\n\n<h4 class=\"has-vivid-cyan-blue-color has-text-color wp-block-heading\">Flystriper<\/h4>\n\n\n\n<figure class=\"wp-block-image size-large\"><img loading=\"lazy\" decoding=\"async\" width=\"59\" height=\"43\" src=\"https:\/\/maps.wow.gl\/dk\/wp-content\/uploads\/2020\/05\/Airstrips@2x.png\" alt=\"\" class=\"wp-image-223\"\/><\/figure>\n\n\n\n<p>De eneste landingspladser i Nuup Kangerlua-serien med kort vises p\u00e5 kort 1-Nuuk. Disse er p\u00e5 tidspunktet for offentligg\u00f8relsen (2020) den nuv\u00e6rende landingsbane i Nuuk lufthavn (BGGH) og den umiddelbart tilst\u00f8dende landingsbane under opf\u00f8relse, som er planlagt til at komme i drift i 2023. Disse er n\u00f8jagtigt placeret, men de b\u00f8r ikke bruges til luftnavigation, og heller ikke nogen funktioner i Map Series.<\/p>\n\n\n\n<h4 class=\"has-vivid-cyan-blue-color has-text-color wp-block-heading\">Ruter og vandrehj\u00e6lpemidler<\/h4>\n\n\n\n<h4 class=\"wp-block-heading\"><img decoding=\"async\" src=\"https:\/\/maps.wow.gl\/dk\/wp-content\/uploads\/2020\/05\/Routes@2x.png\" alt=\"\"> <img decoding=\"async\" src=\"https:\/\/maps.wow.gl\/dk\/wp-content\/uploads\/2020\/05\/Hiking_Aids@2x.png\" alt=\"\"><\/h4>\n\n\n\n<p>Foruds\u00e6tningen for Nuup Kangerlua Map Series er at give brugerne mulighed for at navigere og udforske sikkert p\u00e5 egen h\u00e5nd. Det erkendes imidlertid, at det is\u00e6r for kortvarige bes\u00f8gende er nyttigt at f\u00f8lge etablerede stier. Som en konsekvens er de tre almindeligt anvendte vandreruter i umiddelbar n\u00e6rhed af Nuuk vist p\u00e5 Map-1 Nuuk. Disse stier er ikke stier, men bruges almindeligt nok til at g\u00f8re passagen af \u200b\u200btidligere bes\u00f8gende ret tydelige, og derudover vises farvede klipper langs alle tre stier til at hj\u00e6lpe vandrere. Endvidere viser Map-1 Nuuk placeringerne af en lille bro (renoveret i 2019) og fast reb gennem klippefeltet p\u00e5 nordsiden af \u200b\u200bKangerluarsunnguaq (Kobbefjord).<\/p>\n","protected":false},"excerpt":{"rendered":"<p>En signaturer til de viste funktioner vises p\u00e5 hvert kort. F\u00f8lgende giver imidlertid en mere detaljeret forklaring af kilderne og betydningen af \u200b\u200bde forskellige kommentarer. NATURLIGE EGENSKABER Omr\u00e5der i land diskrimineres fra havet ved en lysebrun skygge og tilstedev\u00e6relsen af \u200b\u200bbrune konturer, der viser linjer med lige h\u00f8jde over havets overflade. Konturer afm\u00e6rkes i intervaller &#8230;.&nbsp;&nbsp;<a class=\" default\" href=\"https:\/\/maps.wow.gl\/dk\/overview\/map-legend\/\">Read More<\/a><\/p>\n","protected":false},"author":1,"featured_media":0,"parent":50,"menu_order":0,"comment_status":"closed","ping_status":"closed","template":"","meta":{"pagelayer_contact_templates":[],"_pagelayer_content":"","footnotes":""},"class_list":["post-51","page","type-page","status-publish","hentry"],"_links":{"self":[{"href":"https:\/\/maps.wow.gl\/dk\/wp-json\/wp\/v2\/pages\/51","targetHints":{"allow":["GET"]}}],"collection":[{"href":"https:\/\/maps.wow.gl\/dk\/wp-json\/wp\/v2\/pages"}],"about":[{"href":"https:\/\/maps.wow.gl\/dk\/wp-json\/wp\/v2\/types\/page"}],"author":[{"embeddable":true,"href":"https:\/\/maps.wow.gl\/dk\/wp-json\/wp\/v2\/users\/1"}],"replies":[{"embeddable":true,"href":"https:\/\/maps.wow.gl\/dk\/wp-json\/wp\/v2\/comments?post=51"}],"version-history":[{"count":14,"href":"https:\/\/maps.wow.gl\/dk\/wp-json\/wp\/v2\/pages\/51\/revisions"}],"predecessor-version":[{"id":280,"href":"https:\/\/maps.wow.gl\/dk\/wp-json\/wp\/v2\/pages\/51\/revisions\/280"}],"up":[{"embeddable":true,"href":"https:\/\/maps.wow.gl\/dk\/wp-json\/wp\/v2\/pages\/50"}],"wp:attachment":[{"href":"https:\/\/maps.wow.gl\/dk\/wp-json\/wp\/v2\/media?parent=51"}],"curies":[{"name":"wp","href":"https:\/\/api.w.org\/{rel}","templated":true}]}}