{"id":50,"date":"2020-05-18T15:13:39","date_gmt":"2020-05-18T15:13:39","guid":{"rendered":"https:\/\/maps.wow.gl\/dk\/?page_id=50"},"modified":"2020-06-24T13:08:54","modified_gmt":"2020-06-24T13:08:54","slug":"overview","status":"publish","type":"page","link":"https:\/\/maps.wow.gl\/dk\/overview\/","title":{"rendered":"Vores Kort"},"content":{"rendered":"\n<h3 class=\"has-vivid-cyan-blue-color has-text-color wp-block-heading\">NUUP KANGERLUA (GODTH\u00c5BSFJORD) SERIE<\/h3>\n\n\n\n<h4 class=\"has-vivid-cyan-blue-color has-text-color wp-block-heading\">1: 40 000 TREKKING KORT<\/h4>\n\n\n<p>[pl_row pagelayer-id=&#8221;kdepbq72zyqwoxlf&#8221; ]<br>\n[\/pl_row]<br>\n[pl_col pagelayer-id=&#8221;plinrraiv2t2rtj0&#8243;  col=&#8221;12&#8243;]<br>\n[\/pl_col]<br>\n[pl_image_slider pagelayer-id=&#8221;swUXIFzYmqAIR6Xo&#8221;  size=&#8221;full&#8221; slide_items=&#8221;1&#8243; pause=&#8221;5000&#8243; speed=&#8221;700&#8243; loop=&#8221;true&#8221; auto=&#8221;true&#8221; auto_hover=&#8221;true&#8221; arrows_bg=&#8221;#6a6969&#8243; arraow_color=&#8221;#ffffff&#8221; arraow_bg_size=&#8221;20&#8243; arraow_bg_shape=&#8221;20&#8243; ids=&#8221;23,26,28,34,33,32,31,30,29,27,25,24&#8243;]<br>\n[\/pl_image_slider]<\/p>\n\n\n<p>Nuup Kangerlua-serien med trekkingskort omfatter seks kort, der d\u00e6kker hele Ameralik og det st\u00f8rstedelen af Nuup Kangerlua (Godth\u00e5bsfjord) op til den nordlige side af isfjorden. Hvert kort str\u00e6kker sig 27 km \u00f8st-vest og 35 km nord-syd. Kortene er pr\u00e6senteret i en skala fra 1:40 000. Internationalt er standardskalaen for vandrekort 1: 50 000. For Nuup Kangerlua-serien er der imidlertid valgt en mere detaljeret skala p\u00e5 1:40 000 for at muligg\u00f8re mere n\u00f8jagtige rutefinding blandt det stejle terr\u00e6n, der er almindeligt i regionen. Denne skala g\u00f8r det muligt at vise hver kilometer geografisk information over 2,5 cm p\u00e5 kortene.<\/p>\n\n\n\n<p>Foruds\u00e6tningen for Nuup Kangerlua-kortserien er at give det n\u00f8dvendige v\u00e6rkt\u00f8j sammen med GPS eller kompas til dem, der \u00f8nsker at udforske de storsl\u00e5ede fjordlande omkring Gr\u00f8nlands hovedstad i sikkerhed. S\u00e5 selvom nogle almindelige ruter ved siden af \u200b\u200bNuuk er inkluderet, opfordres brugere af kortene ellers til at udforske frit. Seriekortene er de mest n\u00f8jagtige offentligt tilg\u00e6ngelige topografiske kort for Nuuk-omr\u00e5det. De bruger avancerede data fra DigitalGlobe Worldview om satellith\u00f8jde med en opl\u00f8sning p\u00e5 2 meter, hvilket resulterer i konturer med 10-meters intervaller i det omr\u00e5de, der er omfattet af kortene. De viser bjergh\u00f8jder og gletsjer, s\u00f8, flod og kystlinjer med meget forbedret n\u00f8jagtighed sammenlignet med \u00e6ldre kort. Denne h\u00f8je pr\u00e6cisionsgrad giver vandrere, j\u00e6gere, skil\u00f8bere og snescootebrugere muligheden for at navigere i ukendt terr\u00e6n med en h\u00f8j grad af tillid til at finde sikre ruter fri for ikke-navigerbare skr\u00e5ninger og andre forhindringer.<\/p>\n\n\n\n<p>Kortene udskrives efter de h\u00f8jeste standarder for offsetudskrivning p\u00e5 dobbeltlakeret 150 g papir. Finishen, selvom den ikke er helt vandt\u00e6t, giver en h\u00f8j grad af vandbestandighed og holdbarhed under fugtige forhold. Desuden leveres foldede kort i tunge kortbeskyttelsesposer, der er plastbelagte og er 100% vandt\u00e6tte. Poser har en skalastik, der kan bruges til nemt at m\u00e5le afstande p\u00e5 kortet. L\u00e6s mere om de enkelte kort her.<\/p>\n\n\n\n<ul class=\"wp-block-list\"><li><a href=\"https:\/\/maps.wow.gl\/dk\/2020\/05\/19\/nuup-kangerlua-series-map-1-nuuk\/\">Kort 1 &#8211; Nuuk<\/a><\/li><li><a href=\"https:\/\/maps.wow.gl\/dk\/2020\/05\/19\/nuup-kangerlua-series-map-2-qooqqut\/\">Kort 2 &#8211; Qooqqut<\/a><\/li><li><a href=\"https:\/\/maps.wow.gl\/dk\/2020\/05\/19\/nuup-kangerlua-series-map-3-ameralla\/\">Kort 3 &#8211; Ameralla<\/a><\/li><li><a href=\"https:\/\/maps.wow.gl\/dk\/2020\/05\/19\/nuup-kangerlua-series-map-4-akiata-kangia\/\">Kort 4 &#8211; Akiata Kangia<\/a><\/li><li><a href=\"https:\/\/maps.wow.gl\/dk\/2020\/05\/19\/nuup-kangerlua-series-map-5-qoornoq\/\">Kort 5 &#8211; Qoornoq<\/a><\/li><li><a href=\"https:\/\/maps.wow.gl\/dk\/2020\/05\/19\/nuup-kangerlua-series-map-6-kapisillit\/\">Kort 6 &#8211; Kapisillit<\/a><\/li><\/ul>\n\n\n\n<p>Kort kan <a href=\"https:\/\/maps.wow.gl\/shop\/index.php?lang=dk&amp;set_language=dk-DK\" target=\"_blank\" rel=\"noreferrer noopener\">bestilles online<\/a> eller k\u00f8bes hos detailhandlere i Gr\u00f8nland.<\/p>\n\n\n\n<p class=\"has-small-font-size\"><em><strong>Ansvarsfraskrivelse<\/strong>. Kortene er ikke beregnet til s\u00f8farts- eller luftnavigering og b\u00f8r ikke bruges til disse form\u00e5l. Selvom ethvert fors\u00f8g er gjort p\u00e5 at pr\u00e6sentere aktuelle og n\u00f8jagtige oplysninger, accepteres intet ansvar for nogen konsekvenser, der f\u00f8lger af brugen af \u200b\u200bkortene p\u00e5 Nuup Kangerlua-serien.<\/em><\/p>\n\n\n\n<p class=\"has-small-font-size\"><em><strong>Ophavsret<\/strong>. Ingen del af nogen af \u200b\u200bde seks kort over Nuup Kanterlua-serien, heller ikke billederne eller indholdet af disse websider m\u00e5 gengives eller distribueres p\u00e5 nogen m\u00e5de, hverken elektronisk eller p\u00e5 anden m\u00e5de uden skriftlig tilladelse fra ophavsretsejeren. \u00a9 M T Hutchison 2020 Alle rettigheder forbeholdes.<\/em><\/p>\n","protected":false},"excerpt":{"rendered":"<p>NUUP KANGERLUA (GODTH\u00c5BSFJORD) SERIE 1: 40 000 TREKKING KORT [pl_row pagelayer-id=&#8221;kdepbq72zyqwoxlf&#8221; ] [\/pl_row] [pl_col pagelayer-id=&#8221;plinrraiv2t2rtj0&#8243; col=&#8221;12&#8243;] [\/pl_col] [pl_image_slider pagelayer-id=&#8221;swUXIFzYmqAIR6Xo&#8221; size=&#8221;full&#8221; slide_items=&#8221;1&#8243; pause=&#8221;5000&#8243; speed=&#8221;700&#8243; loop=&#8221;true&#8221; auto=&#8221;true&#8221; auto_hover=&#8221;true&#8221; arrows_bg=&#8221;#6a6969&#8243; arraow_color=&#8221;#ffffff&#8221; arraow_bg_size=&#8221;20&#8243; arraow_bg_shape=&#8221;20&#8243; ids=&#8221;23,26,28,34,33,32,31,30,29,27,25,24&#8243;] [\/pl_image_slider] Nuup Kangerlua-serien med trekkingskort omfatter seks kort, der d\u00e6kker hele Ameralik og det st\u00f8rstedelen af Nuup Kangerlua (Godth\u00e5bsfjord) op til den nordlige side &#8230;.&nbsp;&nbsp;<a class=\" default\" href=\"https:\/\/maps.wow.gl\/dk\/overview\/\">Read More<\/a><\/p>\n","protected":false},"author":1,"featured_media":0,"parent":0,"menu_order":0,"comment_status":"closed","ping_status":"closed","template":"","meta":{"pagelayer_contact_templates":[],"_pagelayer_content":"","footnotes":""},"class_list":["post-50","page","type-page","status-publish","hentry"],"_links":{"self":[{"href":"https:\/\/maps.wow.gl\/dk\/wp-json\/wp\/v2\/pages\/50","targetHints":{"allow":["GET"]}}],"collection":[{"href":"https:\/\/maps.wow.gl\/dk\/wp-json\/wp\/v2\/pages"}],"about":[{"href":"https:\/\/maps.wow.gl\/dk\/wp-json\/wp\/v2\/types\/page"}],"author":[{"embeddable":true,"href":"https:\/\/maps.wow.gl\/dk\/wp-json\/wp\/v2\/users\/1"}],"replies":[{"embeddable":true,"href":"https:\/\/maps.wow.gl\/dk\/wp-json\/wp\/v2\/comments?post=50"}],"version-history":[{"count":19,"href":"https:\/\/maps.wow.gl\/dk\/wp-json\/wp\/v2\/pages\/50\/revisions"}],"predecessor-version":[{"id":296,"href":"https:\/\/maps.wow.gl\/dk\/wp-json\/wp\/v2\/pages\/50\/revisions\/296"}],"wp:attachment":[{"href":"https:\/\/maps.wow.gl\/dk\/wp-json\/wp\/v2\/media?parent=50"}],"curies":[{"name":"wp","href":"https:\/\/api.w.org\/{rel}","templated":true}]}}