{"id":322,"date":"2021-01-06T14:46:28","date_gmt":"2021-01-06T14:46:28","guid":{"rendered":"https:\/\/maps.wow.gl\/dk\/?page_id=322"},"modified":"2021-07-07T15:20:57","modified_gmt":"2021-07-07T15:20:57","slug":"faellesskab-rutedatabase","status":"publish","type":"page","link":"https:\/\/maps.wow.gl\/dk\/overview\/navigation\/faellesskab-rutedatabase\/","title":{"rendered":"F\u00e6llesskab rutedatabase"},"content":{"rendered":"\n<p>P\u00e5 maps.wow.gl inkluderer vi kun markerede stier p\u00e5 vores kort. Dette er af sikkerhedsm\u00e6ssige \u00e5rsager og for at tilskynde folk til at udvikle deres egne navigationsevner. Som en tjeneste til vores samfund tilbyder vi imidlertid denne side, s\u00e5 brugere af vores kort kan uploade deres egne spor til frit at dele.<\/p>\n\n\n\n<p>Du kan kun uploade filformaterne GPS Exchange Format .gpx, Google Earth .kmz og ,kml og ESRI .shp, shx, .cpg, .prj og .dbf. Vi gennemg\u00e5r din upload og inkluderer dit nummer p\u00e5 f\u00f8lgende liste. Hvis du \u00f8nsker, at dit navn, din organisation eller anden identifikator skal medtages i dit spornavn, bedes du anmode om dette i feltet Kommentarer, ellers vil ingen identificerende oplysninger blive sendt.<\/p>\n\n\n\n<p><\/p>\n\n\n\n<h4 class=\"wp-block-heading\">Spor uploadformular<\/h4>\n\n\n\n<p><\/p>\n\n\n\n\n<div class=\"wpcf7 no-js\" id=\"wpcf7-f320-o1\" lang=\"en-US\" dir=\"ltr\" data-wpcf7-id=\"320\">\n<div class=\"screen-reader-response\"><p role=\"status\" aria-live=\"polite\" aria-atomic=\"true\"><\/p> <ul><\/ul><\/div>\n<form action=\"\/dk\/wp-json\/wp\/v2\/pages\/322#wpcf7-f320-o1\" method=\"post\" class=\"wpcf7-form init\" aria-label=\"Contact form\" enctype=\"multipart\/form-data\" novalidate=\"novalidate\" data-status=\"init\">\n<fieldset class=\"hidden-fields-container\"><input type=\"hidden\" name=\"_wpcf7\" value=\"320\" \/><input type=\"hidden\" name=\"_wpcf7_version\" value=\"6.1.5\" \/><input type=\"hidden\" name=\"_wpcf7_locale\" value=\"en_US\" \/><input type=\"hidden\" name=\"_wpcf7_unit_tag\" value=\"wpcf7-f320-o1\" \/><input type=\"hidden\" name=\"_wpcf7_container_post\" value=\"0\" \/><input type=\"hidden\" name=\"_wpcf7_posted_data_hash\" value=\"\" \/><input type=\"hidden\" name=\"_wpcf7_recaptcha_response\" value=\"\" \/>\n<\/fieldset>\n<p><label> Navn<br \/>\n<span class=\"wpcf7-form-control-wrap\" data-name=\"your-name\"><input size=\"40\" maxlength=\"400\" class=\"wpcf7-form-control wpcf7-text wpcf7-validates-as-required\" aria-required=\"true\" aria-invalid=\"false\" value=\"\" type=\"text\" name=\"your-name\" \/><\/span> <\/label>\n<\/p>\n<p><label> E-mail<br \/>\n<span class=\"wpcf7-form-control-wrap\" data-name=\"your-email\"><input size=\"40\" maxlength=\"400\" class=\"wpcf7-form-control wpcf7-email wpcf7-validates-as-required wpcf7-text wpcf7-validates-as-email\" aria-required=\"true\" aria-invalid=\"false\" value=\"\" type=\"email\" name=\"your-email\" \/><\/span> <\/label>\n<\/p>\n<p><label> Sporets navn<br \/>\n<span class=\"wpcf7-form-control-wrap\" data-name=\"your-subject\"><input size=\"40\" maxlength=\"400\" class=\"wpcf7-form-control wpcf7-text wpcf7-validates-as-required\" aria-required=\"true\" aria-invalid=\"false\" value=\"\" type=\"text\" name=\"your-subject\" \/><\/span> <\/label>\n<\/p>\n<p><label> Kommentarer (valgfrit)<br \/>\n<span class=\"wpcf7-form-control-wrap\" data-name=\"your-message\"><textarea cols=\"40\" rows=\"10\" maxlength=\"2000\" class=\"wpcf7-form-control wpcf7-textarea\" aria-invalid=\"false\" name=\"your-message\"><\/textarea><\/span> <\/label>\n<\/p>\n<p><span class=\"wpcf7-form-control-wrap\" data-name=\"file-130\"><input size=\"40\" class=\"wpcf7-form-control wpcf7-file wpcf7-validates-as-required\" accept=\".kmz,.kml,.gpx,.shp,.prj,.shx,.dbf,.cpg\" aria-required=\"true\" aria-invalid=\"false\" type=\"file\" name=\"file-130\" \/><\/span><br \/>\n<span class=\"wpcf7-form-control-wrap\" data-name=\"file-153\"><input size=\"40\" class=\"wpcf7-form-control wpcf7-file\" accept=\".kmz,.kml,.gpx,.shp,.shx,.prj,.dbf,.cpg\" aria-invalid=\"false\" type=\"file\" name=\"file-153\" \/><\/span><br \/>\n<span class=\"wpcf7-form-control-wrap\" data-name=\"file-626\"><input size=\"40\" class=\"wpcf7-form-control wpcf7-file\" accept=\".kmz,.kml,.gpx,.shp,.shx,.prj,.dbf,.cpg\" aria-invalid=\"false\" type=\"file\" name=\"file-626\" \/><\/span><br \/>\n<span class=\"wpcf7-form-control-wrap\" data-name=\"file-636\"><input size=\"40\" class=\"wpcf7-form-control wpcf7-file\" accept=\".kmz,.kml,.gpx,.shp,.shx,.prj,.dbf,.cpg\" aria-invalid=\"false\" type=\"file\" name=\"file-636\" \/><\/span><br \/>\n<span class=\"wpcf7-form-control-wrap\" data-name=\"file-646\"><input size=\"40\" class=\"wpcf7-form-control wpcf7-file\" accept=\".kmz,.kml,.gpx,.shp,.shx,.prj,.dbf,.cpg\" aria-invalid=\"false\" type=\"file\" name=\"file-646\" \/><\/span>\n<\/p>\n<p><input class=\"wpcf7-form-control wpcf7-submit has-spinner\" type=\"submit\" value=\"Indsend\" \/>\n<\/p><div class=\"wpcf7-response-output\" aria-hidden=\"true\"><\/div>\n<\/form>\n<\/div>\n\n\n\n\n<h4 class=\"wp-block-heading\">F\u00e6llesskab-uploadede spor<\/h4>\n\n\n\n<p><strong><em><span class=\"has-inline-color has-vivid-red-color\">Alle spor leveres uden nogen garanti for deres n\u00f8jagtighed og egnethed til sikker navigation. V\u00e6r opm\u00e6rksom p\u00e5, at dele af sporene kan v\u00e6re helt uegnede til visse vejrforhold eller s\u00e6sonbetingede forhold eller oplevelsesniveau eller brugerkompetence. Spor er ikke kontrolleret eller sanktioneret af maps.wow.gl, og du downloader og bruger disse spor helt p\u00e5 egen risiko.<\/span><\/em><\/strong><\/p>\n\n\n\n<p><\/p>\n\n\n\n<figure class=\"wp-block-table\"><table><tbody><tr><td><strong>Track<\/strong><\/td><td><strong>Map<\/strong><\/td><td><strong>File<\/strong><\/td><\/tr><tr><td>Lille Malene<\/td><td><a rel=\"noreferrer noopener\" href=\"https:\/\/maps.wow.gl\/shop\/nuup-kangerlua-1-40-000-map-series\/map-1-nuuk-folded-and-cased.html\" target=\"_blank\">Nuuk<\/a><\/td><td><a href=\"https:\/\/maps.wow.gl\/trackuploads\/Lille_Malene.zip\"><\/a><a href=\"https:\/\/maps.wow.gl\/trackuploads\/Lille_Malene.zip\">\ud83d\udcc1<\/a>ESRI<\/td><\/tr><tr><td>Lille Malene<\/td><td><a rel=\"noreferrer noopener\" href=\"https:\/\/maps.wow.gl\/shop\/nuup-kangerlua-1-40-000-map-series\/map-1-nuuk-folded-and-cased.html\" target=\"_blank\">Nuuk<\/a><\/td><td><a href=\"https:\/\/maps.wow.gl\/trackuploads\/Lille_Malene_gpx.zip\"><\/a><a href=\"https:\/\/maps.wow.gl\/trackuploads\/Lille_Malene_gpx.zip\">\ud83d\udcc1<\/a>GPX<\/td><\/tr><tr><td>Nuuk-Kapisillit<\/td><td><a rel=\"noreferrer noopener\" href=\"https:\/\/maps.wow.gl\/shop\/nuup-kangerlua-1-40-000-map-series\/map-1-nuuk-folded-and-cased.html\" target=\"_blank\">Nuuk<\/a>, <a href=\"https:\/\/maps.wow.gl\/shop\/nuup-kangerlua-1-40-000-map-series\/map-2-qooqqut-folded-and-cased.html\" target=\"_blank\" rel=\"noreferrer noopener\">Qooqqut<\/a>, <a href=\"https:\/\/maps.wow.gl\/shop\/nuup-kangerlua-1-40-000-map-series\/map-3-ameralla-folded-and-cased.html\" target=\"_blank\" rel=\"noreferrer noopener\">Ameralla<\/a>, <a href=\"https:\/\/maps.wow.gl\/shop\/nuup-kangerlua-1-40-000-map-series\/map-6-kapisillit-folded-and-cased.html\" target=\"_blank\" rel=\"noreferrer noopener\">Kapisillit<\/a><\/td><td><a href=\"https:\/\/maps.wow.gl\/trackuploads\/Nuuk-Kapisillit.zip\"><\/a><a href=\"https:\/\/maps.wow.gl\/trackuploads\/Nuuk-Kapisillit.zip\">\ud83d\udcc1<\/a>ESRI<\/td><\/tr><tr><td>Nuuk-Kapisillit<\/td><td><a rel=\"noreferrer noopener\" href=\"https:\/\/maps.wow.gl\/shop\/nuup-kangerlua-1-40-000-map-series\/map-1-nuuk-folded-and-cased.html\" target=\"_blank\">Nuuk<\/a>, <a rel=\"noreferrer noopener\" href=\"https:\/\/maps.wow.gl\/shop\/nuup-kangerlua-1-40-000-map-series\/map-2-qooqqut-folded-and-cased.html\" target=\"_blank\">Qooqqut<\/a>, <a rel=\"noreferrer noopener\" href=\"https:\/\/maps.wow.gl\/shop\/nuup-kangerlua-1-40-000-map-series\/map-3-ameralla-folded-and-cased.html\" target=\"_blank\">Ameralla<\/a>, <a rel=\"noreferrer noopener\" href=\"https:\/\/maps.wow.gl\/shop\/nuup-kangerlua-1-40-000-map-series\/map-6-kapisillit-folded-and-cased.html\" target=\"_blank\">Kapisillit<\/a><\/td><td><a href=\"https:\/\/maps.wow.gl\/trackuploads\/Nuuk-Kapisillit_gpx.zip\"><\/a><a href=\"https:\/\/maps.wow.gl\/trackuploads\/Nuuk-Kapisillit_gpx.zip\">\ud83d\udcc1<\/a>GPX<\/td><\/tr><tr><td>NuukKap l\u00f8b<\/td><td><a rel=\"noreferrer noopener\" href=\"https:\/\/maps.wow.gl\/shop\/nuup-kangerlua-1-40-000-map-series\/map-1-nuuk-folded-and-cased.html\" target=\"_blank\">Nuuk<\/a>, <a rel=\"noreferrer noopener\" href=\"https:\/\/maps.wow.gl\/shop\/nuup-kangerlua-1-40-000-map-series\/map-2-qooqqut-folded-and-cased.html\" target=\"_blank\">Qooqqut<\/a>, <a rel=\"noreferrer noopener\" href=\"https:\/\/maps.wow.gl\/shop\/nuup-kangerlua-1-40-000-map-series\/map-3-ameralla-folded-and-cased.html\" target=\"_blank\">Ameralla<\/a>, <a rel=\"noreferrer noopener\" href=\"https:\/\/maps.wow.gl\/shop\/nuup-kangerlua-1-40-000-map-series\/map-6-kapisillit-folded-and-cased.html\" target=\"_blank\">Kapisillit<\/a><\/td><td><a href=\"https:\/\/maps.wow.gl\/trackuploads\/NuukKap.zip\">\ud83d\udcc1GPX<\/a><\/td><\/tr><tr><td>Oriartorfik<\/td><td><a href=\"https:\/\/maps.wow.gl\/shop\/nuup-kangerlua-1-40-000-map-series\/map-1-nuuk-folded-and-cased.html\" target=\"_blank\" rel=\"noreferrer noopener\">Nuuk<\/a><\/td><td><a href=\"https:\/\/maps.wow.gl\/trackuploads\/Oriartorfik.zip\"><\/a><a href=\"https:\/\/maps.wow.gl\/trackuploads\/Oriartorfik.zip\">\ud83d\udcc1<\/a>ESRI<\/td><\/tr><tr><td>Store Malene<\/td><td><a rel=\"noreferrer noopener\" href=\"https:\/\/maps.wow.gl\/shop\/nuup-kangerlua-1-40-000-map-series\/map-1-nuuk-folded-and-cased.html\" target=\"_blank\">Nuuk<\/a><\/td><td><a href=\"https:\/\/maps.wow.gl\/trackuploads\/Store_Malene.zip\"><\/a><a href=\"https:\/\/maps.wow.gl\/trackuploads\/Store_Malene.zip\">\ud83d\udcc1<\/a>ESRI<\/td><\/tr><tr><td>Store Malene<\/td><td><a rel=\"noreferrer noopener\" href=\"https:\/\/maps.wow.gl\/shop\/nuup-kangerlua-1-40-000-map-series\/map-1-nuuk-folded-and-cased.html\" target=\"_blank\">Nuuk<\/a><\/td><td><a href=\"https:\/\/maps.wow.gl\/trackuploads\/Store_Malene_gpx.zip\"><\/a><a href=\"https:\/\/maps.wow.gl\/trackuploads\/Store_Malene_gpx.zip\">\ud83d\udcc1<\/a>GPX<\/td><\/tr><tr><td>Qupik<\/td><td><a href=\"https:\/\/maps.wow.gl\/shop\/nuup-kangerlua-1-40-000-map-series\/map-1-nuuk-folded-and-cased.html\" target=\"_blank\" rel=\"noreferrer noopener\">Nuuk<\/a><\/td><td><a rel=\"noreferrer noopener\" href=\"https:\/\/maps.wow.gl\/trackuploads\/Qupik.zip\" target=\"_blank\"><\/a><a rel=\"noreferrer noopener\" href=\"https:\/\/maps.wow.gl\/trackuploads\/Qupik.zip\" target=\"_blank\">\ud83d\udcc1<\/a>ESRI<\/td><\/tr><tr><td>Udsigten<\/td><td><a rel=\"noreferrer noopener\" href=\"https:\/\/maps.wow.gl\/shop\/nuup-kangerlua-1-40-000-map-series\/map-1-nuuk-folded-and-cased.html\" target=\"_blank\">Nuuk<\/a><\/td><td><a href=\"https:\/\/maps.wow.gl\/trackuploads\/Oriartorfik.zip\"><\/a><a href=\"https:\/\/maps.wow.gl\/trackuploads\/Udsigten.zip\">\ud83d\udcc1<\/a>ESRI<\/td><\/tr><tr><td>Udsigten<\/td><td><a rel=\"noreferrer noopener\" href=\"https:\/\/maps.wow.gl\/shop\/nuup-kangerlua-1-40-000-map-series\/map-1-nuuk-folded-and-cased.html\" target=\"_blank\">Nuuk<\/a><\/td><td><a href=\"https:\/\/maps.wow.gl\/trackuploads\/Oriartorfik_gpx.zip\"><\/a><a href=\"https:\/\/maps.wow.gl\/trackuploads\/Udsigten_gpx.zip\">\ud83d\udcc1<\/a>GPX<\/td><\/tr><\/tbody><\/table><\/figure>\n\n\n\n<p><\/p>\n\n\n\n<p><strong><em><span class=\"has-inline-color has-vivid-red-color\">Alle spor leveres uden nogen garanti for deres n\u00f8jagtighed og egnethed til sikker navigation. V\u00e6r opm\u00e6rksom p\u00e5, at dele af sporene kan v\u00e6re helt uegnede til visse vejrforhold eller s\u00e6sonbetingede forhold eller oplevelsesniveau eller brugerkompetence. Spor er ikke kontrolleret eller sanktioneret af maps.wow.gl, og du downloader og bruger disse spor helt p\u00e5 egen risiko.<\/span><\/em><\/strong><\/p>\n","protected":false},"excerpt":{"rendered":"<p>P\u00e5 maps.wow.gl inkluderer vi kun markerede stier p\u00e5 vores kort. Dette er af sikkerhedsm\u00e6ssige \u00e5rsager og for at tilskynde folk til at udvikle deres egne navigationsevner. Som en tjeneste til vores samfund tilbyder vi imidlertid denne side, s\u00e5 brugere af vores kort kan uploade deres egne spor til frit at dele. Du kan kun uploade &#8230;.&nbsp;&nbsp;<a class=\" default\" href=\"https:\/\/maps.wow.gl\/dk\/overview\/navigation\/faellesskab-rutedatabase\/\">Read More<\/a><\/p>\n","protected":false},"author":1,"featured_media":0,"parent":52,"menu_order":0,"comment_status":"closed","ping_status":"closed","template":"","meta":{"pagelayer_contact_templates":[],"_pagelayer_content":"","footnotes":""},"class_list":["post-322","page","type-page","status-publish","hentry"],"_links":{"self":[{"href":"https:\/\/maps.wow.gl\/dk\/wp-json\/wp\/v2\/pages\/322","targetHints":{"allow":["GET"]}}],"collection":[{"href":"https:\/\/maps.wow.gl\/dk\/wp-json\/wp\/v2\/pages"}],"about":[{"href":"https:\/\/maps.wow.gl\/dk\/wp-json\/wp\/v2\/types\/page"}],"author":[{"embeddable":true,"href":"https:\/\/maps.wow.gl\/dk\/wp-json\/wp\/v2\/users\/1"}],"replies":[{"embeddable":true,"href":"https:\/\/maps.wow.gl\/dk\/wp-json\/wp\/v2\/comments?post=322"}],"version-history":[{"count":8,"href":"https:\/\/maps.wow.gl\/dk\/wp-json\/wp\/v2\/pages\/322\/revisions"}],"predecessor-version":[{"id":342,"href":"https:\/\/maps.wow.gl\/dk\/wp-json\/wp\/v2\/pages\/322\/revisions\/342"}],"up":[{"embeddable":true,"href":"https:\/\/maps.wow.gl\/dk\/wp-json\/wp\/v2\/pages\/52"}],"wp:attachment":[{"href":"https:\/\/maps.wow.gl\/dk\/wp-json\/wp\/v2\/media?parent=322"}],"curies":[{"name":"wp","href":"https:\/\/api.w.org\/{rel}","templated":true}]}}